{"id":92,"date":"2025-09-11T09:42:52","date_gmt":"2025-09-11T07:42:52","guid":{"rendered":"https:\/\/giuliakahn-psychologue.fr\/?page_id=92"},"modified":"2025-09-11T09:42:52","modified_gmt":"2025-09-11T07:42:52","slug":"accueil","status":"publish","type":"page","link":"https:\/\/giuliakahn-psychologue.fr\/","title":{"rendered":"ACCUEIL"},"content":{"rendered":"\n<h2 class=\"wp-block-heading\">GIULIA KAHN PSYCHOLOGUE CLINICIENNE<\/h2>\n\n\n\n<h2 class=\"wp-block-heading\">T\u00c9L\u00c9CONSULTATIONS<\/h2>\n\n\n\n<h2 class=\"wp-block-heading\">ADOLESCENTS, ADULTES, ACCOMPAGNEMENT \u00c0 LA PARENTALIT\u00c9<\/h2>\n\n\n\n<blockquote class=\"wp-block-quote is-layout-flow wp-block-quote-is-layout-flow\">\n<p>Personne ne souffre du seul pr\u00e9sent! <em>S\u00e9n\u00e9que<\/em><\/p>\n<\/blockquote>\n\n\n\n<p><\/p>\n","protected":false},"excerpt":{"rendered":"<p>GIULIA KAHN PSYCHOLOGUE CLINICIENNE T\u00c9L\u00c9CONSULTATIONS ADOLESCENTS, ADULTES, ACCOMPAGNEMENT \u00c0 LA PARENTALIT\u00c9 Personne ne souffre du seul pr\u00e9sent! S\u00e9n\u00e9que<\/p>\n","protected":false},"author":1,"featured_media":77,"parent":0,"menu_order":0,"comment_status":"closed","ping_status":"closed","template":"","meta":{"footnotes":""},"class_list":["post-92","page","type-page","status-publish","has-post-thumbnail","hentry"],"_links":{"self":[{"href":"https:\/\/giuliakahn-psychologue.fr\/index.php?rest_route=\/wp\/v2\/pages\/92","targetHints":{"allow":["GET"]}}],"collection":[{"href":"https:\/\/giuliakahn-psychologue.fr\/index.php?rest_route=\/wp\/v2\/pages"}],"about":[{"href":"https:\/\/giuliakahn-psychologue.fr\/index.php?rest_route=\/wp\/v2\/types\/page"}],"author":[{"embeddable":true,"href":"https:\/\/giuliakahn-psychologue.fr\/index.php?rest_route=\/wp\/v2\/users\/1"}],"replies":[{"embeddable":true,"href":"https:\/\/giuliakahn-psychologue.fr\/index.php?rest_route=%2Fwp%2Fv2%2Fcomments&post=92"}],"version-history":[{"count":1,"href":"https:\/\/giuliakahn-psychologue.fr\/index.php?rest_route=\/wp\/v2\/pages\/92\/revisions"}],"predecessor-version":[{"id":96,"href":"https:\/\/giuliakahn-psychologue.fr\/index.php?rest_route=\/wp\/v2\/pages\/92\/revisions\/96"}],"wp:featuredmedia":[{"embeddable":true,"href":"https:\/\/giuliakahn-psychologue.fr\/index.php?rest_route=\/wp\/v2\/media\/77"}],"wp:attachment":[{"href":"https:\/\/giuliakahn-psychologue.fr\/index.php?rest_route=%2Fwp%2Fv2%2Fmedia&parent=92"}],"curies":[{"name":"wp","href":"https:\/\/api.w.org\/{rel}","templated":true}]}}