{"id":14,"date":"2025-09-07T11:34:38","date_gmt":"2025-09-07T09:34:38","guid":{"rendered":"https:\/\/giuliakahn-psychologue.fr\/?page_id=14"},"modified":"2025-09-11T09:18:46","modified_gmt":"2025-09-11T07:18:46","slug":"psychotherapies","status":"publish","type":"page","link":"https:\/\/giuliakahn-psychologue.fr\/?page_id=14","title":{"rendered":"PSYCHOTH\u00c9RAPIES"},"content":{"rendered":"\n<h2 class=\"wp-block-heading\">PSYCHOLOGIE CLINIQUE ORIENTATION ANALYTIQUE<\/h2>\n\n\n\n<p>La psychoth\u00e9rapie, th\u00e9rapie du lien, met en exergue une difficult\u00e9 plus ou moins deploy\u00e9e \u00e0 lier des \u00e9l\u00e9ments dits \u00ab\u00a0bruts\u00a0\u00bb. L&rsquo;enjeu du travail clinique et th\u00e9rapeutique serait de trouver un \u00ab\u00a0liant\u00a0\u00bb pour rassembler ces \u00e9l\u00e9ments afin qu&rsquo;ils soient contenus et pensables. Le travail clinique \u00e9tant d&rsquo;avoir une attention particuli\u00e8re, une neutralit\u00e9 bienveillante de la part du praticien qui permet l&rsquo;exploration de l&rsquo;inconscient, du transfert et des associations de pens\u00e9es.<\/p>\n\n\n\n<p>L&rsquo;essence m\u00eame du travail th\u00e9rapeutique serait une \u00ab\u00a0relation \u00e0 deux o\u00f9 l&rsquo;on ne parle que d&rsquo;un seul\u00a0\u00bb (Andr\u00e9 Green). Les effets favorable escompt\u00e9s de d\u00e9-nouage, de re-nouage et d&rsquo;\u00e9laboration supposent cet engagement et cette pr\u00e9sence particuli\u00e8re, fondement de la pratique du psychologue clinicien. <\/p>\n","protected":false},"excerpt":{"rendered":"<p>PSYCHOLOGIE CLINIQUE ORIENTATION ANALYTIQUE La psychoth\u00e9rapie, th\u00e9rapie du lien, met en exergue une difficult\u00e9 plus ou moins deploy\u00e9e \u00e0 lier des \u00e9l\u00e9ments dits \u00ab\u00a0bruts\u00a0\u00bb. L&rsquo;enjeu du travail clinique et th\u00e9rapeutique &hellip; <\/p>\n","protected":false},"author":1,"featured_media":0,"parent":0,"menu_order":0,"comment_status":"closed","ping_status":"closed","template":"","meta":{"footnotes":""},"class_list":["post-14","page","type-page","status-publish","hentry"],"_links":{"self":[{"href":"https:\/\/giuliakahn-psychologue.fr\/index.php?rest_route=\/wp\/v2\/pages\/14","targetHints":{"allow":["GET"]}}],"collection":[{"href":"https:\/\/giuliakahn-psychologue.fr\/index.php?rest_route=\/wp\/v2\/pages"}],"about":[{"href":"https:\/\/giuliakahn-psychologue.fr\/index.php?rest_route=\/wp\/v2\/types\/page"}],"author":[{"embeddable":true,"href":"https:\/\/giuliakahn-psychologue.fr\/index.php?rest_route=\/wp\/v2\/users\/1"}],"replies":[{"embeddable":true,"href":"https:\/\/giuliakahn-psychologue.fr\/index.php?rest_route=%2Fwp%2Fv2%2Fcomments&post=14"}],"version-history":[{"count":4,"href":"https:\/\/giuliakahn-psychologue.fr\/index.php?rest_route=\/wp\/v2\/pages\/14\/revisions"}],"predecessor-version":[{"id":86,"href":"https:\/\/giuliakahn-psychologue.fr\/index.php?rest_route=\/wp\/v2\/pages\/14\/revisions\/86"}],"wp:attachment":[{"href":"https:\/\/giuliakahn-psychologue.fr\/index.php?rest_route=%2Fwp%2Fv2%2Fmedia&parent=14"}],"curies":[{"name":"wp","href":"https:\/\/api.w.org\/{rel}","templated":true}]}}