{"id":11,"date":"2025-09-07T11:34:38","date_gmt":"2025-09-07T09:34:38","guid":{"rendered":"https:\/\/giuliakahn-psychologue.fr\/?page_id=11"},"modified":"2025-09-12T10:17:12","modified_gmt":"2025-09-12T08:17:12","slug":"mon-parcours","status":"publish","type":"page","link":"https:\/\/giuliakahn-psychologue.fr\/?page_id=11","title":{"rendered":"MON PARCOURS"},"content":{"rendered":"\n<h2 class=\"wp-block-heading\">MON PARCOURS<\/h2>\n\n\n<div class=\"wp-block-image\">\n<figure class=\"alignleft size-full is-resized\"><img loading=\"lazy\" decoding=\"async\" width=\"318\" height=\"477\" src=\"https:\/\/giuliakahn-psychologue.fr\/wp-content\/uploads\/2025\/09\/197d40fc-0dc9-4f8c-b458-465134e0d4a3-2-1.jpg\" alt=\"\" class=\"wp-image-53\" style=\"width:237px;height:auto\" srcset=\"https:\/\/giuliakahn-psychologue.fr\/wp-content\/uploads\/2025\/09\/197d40fc-0dc9-4f8c-b458-465134e0d4a3-2-1.jpg 318w, https:\/\/giuliakahn-psychologue.fr\/wp-content\/uploads\/2025\/09\/197d40fc-0dc9-4f8c-b458-465134e0d4a3-2-1-200x300.jpg 200w\" sizes=\"auto, (max-width: 318px) 100vw, 318px\" \/><\/figure><\/div>\n\n\n<p class=\"has-background\" style=\"border-radius:50px;background-color:#cbd8d7\">Je suis psychologue clinicienne dipl\u00f4m\u00e9e de l\u2019Universit\u00e9 Lumi\u00e8re Lyon II du Master II de Psychopathologie Clinique Psychanalytique.<\/p>\n\n\n\n<p class=\"has-background\" style=\"border-radius:50px;background-color:#cbd8d7\">\u200bJ\u2019ai exerc\u00e9 aupr\u00e8s d\u2019enfants, adolescents et d\u2019adultes au sein de diff\u00e9rentes structures (service de protection de l\u2019enfance, cr\u00e8che, psychiatrie adulte, IME)<\/p>\n\n\n\n<p class=\"has-background has-medium-font-size\" style=\"border-radius:50px;background-color:#cbd8d7\">Au del\u00e0 de la question du soin, mon plaisir \u00e0 observer et comprendre le monde ainsi que ma curiosit\u00e9 ont accru mon d\u00e9sir d\u2019\u00eatre psychologue. L\u2019articulation sans arr\u00eat renouvel\u00e9e, entre th\u00e9orie et pratique, au plus pr\u00e8s de la clinique et des exp\u00e9riences de vie singuli\u00e8res, m\u2019apporte et m\u2019importe beaucoup.<\/p>\n\n\n\n<p class=\"has-background\" style=\"border-radius:50px;background-color:#cbd8d7\">Dans la rencontre clinique, il m\u2019apparait primordial d\u2019\u00eatre \u00ab&nbsp;sans d\u00e9sir, sans m\u00e9moire et sans connaissance&nbsp;\u00bb (BION, W.R), c\u2019est \u00e0 dire se d\u00e9marquer des a priori et des jugements.<\/p>\n\n\n\n<p class=\"has-background\" style=\"border-radius:50px;background-color:#cbd8d7\">Les valeurs essentielles de mon travail clinique sont la bienveillance, l&rsquo;authenticit\u00e9 et la spontan\u00e9it\u00e9. A travers cela, j&rsquo;ai compris que ses fa\u00e7ons se d\u00e9clinaient de mani\u00e8re diff\u00e9rente selon la personne rencontr\u00e9e, selon son \u00e2ge, sa situation psychique et les conditions du lien th\u00e9rapeutique.&nbsp;<\/p>\n\n\n\n<p class=\"has-background\" style=\"border-radius:50px;background-color:#cbd8d7\">Les <a href=\"https:\/\/giuliakahn-psychologue.fr\/?page_id=13\" data-type=\"page\" data-id=\"13\">t\u00e9l\u00e9consultations<\/a> que je propose font \u00e9cho \u00e0 la demande grandissante d&rsquo;un soutien plus accessible. En effet, les modalit\u00e9s sont diff\u00e9rentes d&rsquo;une consultation en pr\u00e9sentiel. Cependant, le lien et le travail clinique n&rsquo;en est pas moins s\u00e9rieux. Cela n\u00e9cessite n\u00e9anmoins un cadre interne solide et mall\u00e9able, que je construis depuis de nombreuses ann\u00e9es, pour permettre l&rsquo;accordage n\u00e9cessaire entre patient et th\u00e9rapeute, indispensable au maintien du lien clinique. <\/p>\n\n\n\n<p><\/p>\n","protected":false},"excerpt":{"rendered":"<p>MON PARCOURS Je suis psychologue clinicienne dipl\u00f4m\u00e9e de l\u2019Universit\u00e9 Lumi\u00e8re Lyon II du Master II de Psychopathologie Clinique Psychanalytique. \u200bJ\u2019ai exerc\u00e9 aupr\u00e8s d\u2019enfants, adolescents et d\u2019adultes au sein de diff\u00e9rentes &hellip; <\/p>\n","protected":false},"author":1,"featured_media":78,"parent":0,"menu_order":0,"comment_status":"closed","ping_status":"closed","template":"","meta":{"footnotes":""},"class_list":["post-11","page","type-page","status-publish","has-post-thumbnail","hentry"],"_links":{"self":[{"href":"https:\/\/giuliakahn-psychologue.fr\/index.php?rest_route=\/wp\/v2\/pages\/11","targetHints":{"allow":["GET"]}}],"collection":[{"href":"https:\/\/giuliakahn-psychologue.fr\/index.php?rest_route=\/wp\/v2\/pages"}],"about":[{"href":"https:\/\/giuliakahn-psychologue.fr\/index.php?rest_route=\/wp\/v2\/types\/page"}],"author":[{"embeddable":true,"href":"https:\/\/giuliakahn-psychologue.fr\/index.php?rest_route=\/wp\/v2\/users\/1"}],"replies":[{"embeddable":true,"href":"https:\/\/giuliakahn-psychologue.fr\/index.php?rest_route=%2Fwp%2Fv2%2Fcomments&post=11"}],"version-history":[{"count":7,"href":"https:\/\/giuliakahn-psychologue.fr\/index.php?rest_route=\/wp\/v2\/pages\/11\/revisions"}],"predecessor-version":[{"id":85,"href":"https:\/\/giuliakahn-psychologue.fr\/index.php?rest_route=\/wp\/v2\/pages\/11\/revisions\/85"}],"wp:featuredmedia":[{"embeddable":true,"href":"https:\/\/giuliakahn-psychologue.fr\/index.php?rest_route=\/wp\/v2\/media\/78"}],"wp:attachment":[{"href":"https:\/\/giuliakahn-psychologue.fr\/index.php?rest_route=%2Fwp%2Fv2%2Fmedia&parent=11"}],"curies":[{"name":"wp","href":"https:\/\/api.w.org\/{rel}","templated":true}]}}